{"id":29247,"date":"2025-08-17T18:53:23","date_gmt":"2025-08-17T15:53:23","guid":{"rendered":"https:\/\/cerens.com\/?post_type=product&#038;p=29247"},"modified":"2025-12-26T07:59:48","modified_gmt":"2025-12-26T04:59:48","slug":"oval-pembe-kuvars-kupe","status":"publish","type":"product","link":"https:\/\/cerens.com\/en\/dogal-taslar\/oval-pembe-kuvars-kupe\/","title":{"rendered":"Oval Rose Quartz Earrings"},"content":{"rendered":"","protected":false},"excerpt":{"rendered":"<link rel=\"stylesheet\" id=\"elementor-post-32678-css\" href=\"https:\/\/cerens.com\/wp-content\/uploads\/elementor\/css\/post-32678.css?ver=1776367150\" type=\"text\/css\" media=\"all\">\n<div data-elementor-type=\"wp-post\" data-elementor-id=\"32678\" class=\"elementor elementor-32678\" data-elementor-post-type=\"cms_block\">\n<div class=\"wd-negative-gap elementor-element elementor-element-7d1004a e-flex e-con-boxed e-con e-parent\" data-id=\"7d1004a\" data-element_type=\"container\" data-e-type=\"container\">\n<div class=\"e-con-inner\">\n<div class=\"elementor-element elementor-element-2934ab4 elementor-widget elementor-widget-wd_text_block\" data-id=\"2934ab4\" data-element_type=\"widget\" data-e-type=\"widget\" data-widget_type=\"wd_text_block.default\">\n<div class=\"elementor-widget-container\">\n<div class=\"wd-text-block reset-last-child text-left\">\n<p><strong>KDV ve kargo \u00fccretleri \u00fcr\u00fcn fiyat\u0131na dahil de\u011fildir. T\u00fcm \u00fcr\u00fcnlerimiz kendisine ait \u00f6zel saklama kutusu ile g\u00f6nderilmektedir.<\/strong><\/p>\n<p>El i\u015f\u00e7ili\u011fi ile 925 ayar saf g\u00fcm\u00fc\u015ften \u00fcretilmi\u015f <strong><\/strong>, zamans\u0131z tasar\u0131m\u0131yla hem g\u00fcnl\u00fck hem de \u00f6zel anlar\u0131n\u0131z i\u00e7in ideal bir tamamlay\u0131c\u0131d\u0131r. Rodyum kaplamas\u0131 sayesinde uzun s\u00fcre parlakl\u0131\u011f\u0131n\u0131 korur. 925 ayar g\u00fcm\u00fc\u015f yap\u0131s\u0131 ise cildinizde alerji yapmaz.<\/p>\n<p>Sahip oldu\u011fu do\u011falta\u015f\u0131n mistik g\u00fc\u00e7lerini, \u00f6zelliklerini ve enerjisini ta\u015f\u0131yan <strong><\/strong>, her a\u00e7\u0131dan farkl\u0131 bir par\u0131lt\u0131yla dans eder.  \u0130nce hatlar\u0131, zarif tasar\u0131m\u0131, minimal \u00e7izgileri ve modern dokusuyla hem g\u00fcnl\u00fck hayatta hem de \u00f6zel g\u00fcnlerde \u015f\u0131kl\u0131\u011f\u0131n\u0131z\u0131 tamamlar. Enerjinizi ve modunuzu artt\u0131ran, \u0131\u015f\u0131lt\u0131n\u0131z\u0131 yans\u0131tan, g\u00fcnl\u00fck \u015f\u0131kl\u0131\u011f\u0131n\u0131za uyumlu tasar\u0131m\u0131yla anlaml\u0131 ve de\u011ferli bir par\u00e7ad\u0131r.<\/p>\n<p>G\u00fcm\u00fc\u015f\u00fcn kal\u0131c\u0131 de\u011ferini derin bir anlamla bulu\u015fturan bu <strong><\/strong>, ister kendinize isterseniz de sevdiklerinize anlaml\u0131 bir hediye alternatifi sunar.<\/p>\n<p>Bu koleksiyon par\u00e7as\u0131n\u0131n kullan\u0131m detaylar\u0131, bak\u0131m \u00f6nerileri ve saklama ipu\u00e7lar\u0131 i\u00e7in l\u00fctfen a\u015fa\u011f\u0131daki \u201c<strong>Product Description<\/strong>\u201d b\u00f6l\u00fcm\u00fc inceleyin. Uzun \u00f6m\u00fcrl\u00fc olmas\u0131n\u0131 sa\u011flamak i\u00e7in \u00f6nemli bilgiler i\u00e7ermektedir.<\/p>\n<div style=\"display: grid; grid-template-columns: repeat(2, 1fr); gap: 10px 40px; margin-top: 15px;\">\n<div>\u2705 925 Sterling Silver \u2013 Allergy-free<\/div>\n<div>\u2705 Rhodium Plated \u2013 Long-lasting shine<\/div>\n<div>\u2705 Made with Handcraft<\/div>\n<div>\u2705 %100 Orijinal Do\u011falta\u015f <\/div>\n<\/div><\/div>\n<\/p><\/div>\n<\/p><\/div>\n<\/p><\/div>\n<\/p><\/div>\n<\/p><\/div>","protected":false},"featured_media":32442,"template":"elementor_canvas","meta":{"_acf_changed":false},"product_brand":[],"product_cat":[86,97],"product_tag":[],"class_list":{"0":"post-29247","1":"product","2":"type-product","3":"status-publish","4":"has-post-thumbnail","6":"product_cat-dogal-taslar","7":"product_cat-pembe-kuvars-koleksiyonu","9":"first","10":"instock","11":"sale","12":"sold-individually","13":"taxable","14":"shipping-taxable","15":"purchasable","16":"product-type-simple"},"acf":[],"_links":{"self":[{"href":"https:\/\/cerens.com\/en\/wp-json\/wp\/v2\/product\/29247","targetHints":{"allow":["GET"]}}],"collection":[{"href":"https:\/\/cerens.com\/en\/wp-json\/wp\/v2\/product"}],"about":[{"href":"https:\/\/cerens.com\/en\/wp-json\/wp\/v2\/types\/product"}],"version-history":[{"count":0,"href":"https:\/\/cerens.com\/en\/wp-json\/wp\/v2\/product\/29247\/revisions"}],"wp:featuredmedia":[{"embeddable":true,"href":"https:\/\/cerens.com\/en\/wp-json\/wp\/v2\/media\/32442"}],"wp:attachment":[{"href":"https:\/\/cerens.com\/en\/wp-json\/wp\/v2\/media?parent=29247"}],"wp:term":[{"taxonomy":"product_brand","embeddable":true,"href":"https:\/\/cerens.com\/en\/wp-json\/wp\/v2\/product_brand?post=29247"},{"taxonomy":"product_cat","embeddable":true,"href":"https:\/\/cerens.com\/en\/wp-json\/wp\/v2\/product_cat?post=29247"},{"taxonomy":"product_tag","embeddable":true,"href":"https:\/\/cerens.com\/en\/wp-json\/wp\/v2\/product_tag?post=29247"}],"curies":[{"name":"wp","href":"https:\/\/api.w.org\/{rel}","templated":true}]}}