{"id":32266,"date":"2025-09-24T07:53:59","date_gmt":"2025-09-24T04:53:59","guid":{"rendered":"https:\/\/cerens.com\/?page_id=32266"},"modified":"2025-09-24T08:04:18","modified_gmt":"2025-09-24T05:04:18","slug":"404-2","status":"publish","type":"page","link":"https:\/\/cerens.com\/en\/404-2\/","title":{"rendered":"404"},"content":{"rendered":"<div data-elementor-type=\"wp-page\" data-elementor-id=\"32266\" class=\"elementor elementor-32266\" data-elementor-post-type=\"page\">\n\t\t\t\t<div class=\"wd-negative-gap elementor-element elementor-element-6229ff94 e-flex e-con-boxed e-con e-parent\" data-id=\"6229ff94\" data-element_type=\"container\" data-e-type=\"container\">\n\t\t\t\t\t<div class=\"e-con-inner\">\n\t\t<div class=\"elementor-element elementor-element-1ed32c95 e-con-full e-flex e-con e-child\" data-id=\"1ed32c95\" data-element_type=\"container\" data-e-type=\"container\">\n\t\t<div class=\"elementor-element elementor-element-f0f1e9b e-con-full e-flex e-con e-child\" data-id=\"f0f1e9b\" data-element_type=\"container\" data-e-type=\"container\">\n\t\t\t\t<div class=\"elementor-element elementor-element-14378a9c elementor-widget elementor-widget-heading\" data-id=\"14378a9c\" data-element_type=\"widget\" data-e-type=\"widget\" data-widget_type=\"heading.default\">\n\t\t\t\t<div class=\"elementor-widget-container\">\n\t\t\t\t\t<h1 class=\"elementor-heading-title elementor-size-default\">\u00dczg\u00fcn\u00fcz!<\/h1>\t\t\t\t<\/div>\n\t\t\t\t<\/div>\n\t\t\t\t<div class=\"elementor-element elementor-element-3aae0806 elementor-widget elementor-widget-heading\" data-id=\"3aae0806\" data-element_type=\"widget\" data-e-type=\"widget\" data-widget_type=\"heading.default\">\n\t\t\t\t<div class=\"elementor-widget-container\">\n\t\t\t\t\t<h2 class=\"elementor-heading-title elementor-size-default\"><span data-elementor-setting-key=\"title\" data-pen-placeholder=\"Buraya Yaz\u0131n...\" style=\"font-style: normal;font-family: Raleway, Arial, Helvetica, sans-serif\">Arad\u0131\u011f\u0131n\u0131z sayfay\u0131 veya \u00fcr\u00fcn\u00fc bulamad\u0131k..<span style=\"font-family: var(--wd-title-font);font-size: 52px;font-style: var(--wd-title-font-style);text-transform: var(--wd-title-transform)\"><\/span><\/span><\/h2>\t\t\t\t<\/div>\n\t\t\t\t<\/div>\n\t\t\t\t<div class=\"elementor-element elementor-element-7ec60985 elementor-widget elementor-widget-heading\" data-id=\"7ec60985\" data-element_type=\"widget\" data-e-type=\"widget\" data-widget_type=\"heading.default\">\n\t\t\t\t<div class=\"elementor-widget-container\">\n\t\t\t\t\t<h3 class=\"elementor-heading-title elementor-size-default\">\u00dcr\u00fcnlerimiz, sayfalar\u0131m\u0131z veya i\u00e7eriklerimiz, dinamik olarak de\u011fi\u015fiklik g\u00f6sterebilir.<\/h3>\t\t\t\t<\/div>\n\t\t\t\t<\/div>\n\t\t\t\t<div class=\"elementor-element elementor-element-6b317a1f elementor-widget elementor-widget-heading\" data-id=\"6b317a1f\" data-element_type=\"widget\" data-e-type=\"widget\" data-widget_type=\"heading.default\">\n\t\t\t\t<div class=\"elementor-widget-container\">\n\t\t\t\t\t<h4 class=\"elementor-heading-title elementor-size-default\">Dilerseniz a\u015fa\u011f\u0131daki arama kutucu\u011fundan yeni bir arama yapabilir, direkt Ana Sayfaya gidebilir veya bizimle ileti\u015fime ge\u00e7ebilirsiniz.<\/h4>\t\t\t\t<\/div>\n\t\t\t\t<\/div>\n\t\t\t\t<\/div>\n\t\t<div class=\"elementor-element elementor-element-3f0a32ea e-con-full e-flex e-con e-child\" data-id=\"3f0a32ea\" data-element_type=\"container\" data-e-type=\"container\">\n\t\t\t\t<div class=\"elementor-element elementor-element-2957e2f elementor-widget__width-initial elementor-widget elementor-widget-wd_search\" data-id=\"2957e2f\" data-element_type=\"widget\" data-e-type=\"widget\" data-widget_type=\"wd_search.default\">\n\t\t\t\t<div class=\"elementor-widget-container\">\n\t\t\t\t\t\t\t<div class=\"wd-el-search woodmart-ajax-search wd-color-\">\n\t\t\t<div class=\"wd-search-form\">\n\n<form role=\"search\" method=\"get\" class=\"searchform  wd-style-with-bg-2 woodmart-ajax-search\" action=\"https:\/\/cerens.com\/en\/\"  data-thumbnail=\"1\" data-price=\"1\" data-post_type=\"product\" data-count=\"12\" data-sku=\"1\" data-symbols_count=\"3\" data-include_cat_search=\"yes\" autocomplete=\"off\">\n\t<input type=\"text\" class=\"s\" placeholder=\"Search for products\" value=\"\" name=\"s\" aria-label=\"Search\" title=\"Search for products\" required>\n\t<input type=\"hidden\" name=\"post_type\" value=\"product\">\n\n\t<span tabindex=\"0\" aria-label=\"Clear search\" class=\"wd-clear-search wd-role-btn wd-hide\"><\/span>\n\n\t\n\t<button type=\"submit\" class=\"searchsubmit\">\n\t\t<span>\n\t\t\tSearch\t\t<\/span>\n\t\t\t<\/button>\n<\/form>\n\n\t<div class=\"wd-search-results-wrapper\">\n\t\t<div class=\"wd-search-results wd-dropdown-results wd-dropdown wd-scroll\">\n\t\t\t<div class=\"wd-scroll-content\">\n\t\t\t\t\n\t\t\t\t\n\t\t\t\t\t\t\t<\/div>\n\t\t<\/div>\n\t<\/div>\n\n<\/div>\n\t\t<\/div>\n\t\t\t\t\t\t<\/div>\n\t\t\t\t<\/div>\n\t\t\t\t<div class=\"elementor-element elementor-element-55678647 elementor-widget elementor-widget-wd_button\" data-id=\"55678647\" data-element_type=\"widget\" data-e-type=\"widget\" data-widget_type=\"wd_button.default\">\n\t\t\t\t<div class=\"elementor-widget-container\">\n\t\t\t\t\t\t\t<div class=\"wd-button-wrapper text-center\" >\n\t\t\t<a class=\"btn btn-style-bordered btn-shape-semi-round btn-size-extra-large btn-color-primary btn-icon-pos-right\"  href=\"https:\/\/cerens.com\">\n\t\t\t\t<span class=\"wd-btn-text\" data-elementor-setting-key=\"text\">\n\t\t\t\t\tAna Sayfaya D\u00f6n\u00fcn\t\t\t\t<\/span>\n\n\t\t\t\t\t\t\t<\/a>\n\t\t<\/div>\n\t\t\t\t\t\t<\/div>\n\t\t\t\t<\/div>\n\t\t\t\t<div class=\"elementor-element elementor-element-4e84069c elementor-widget elementor-widget-wd_button\" data-id=\"4e84069c\" data-element_type=\"widget\" data-e-type=\"widget\" data-widget_type=\"wd_button.default\">\n\t\t\t\t<div class=\"elementor-widget-container\">\n\t\t\t\t\t\t\t<div class=\"wd-button-wrapper text-center\" >\n\t\t\t<a class=\"btn btn-style-bordered btn-shape-rectangle btn-size-extra-large btn-color-primary btn-icon-pos-right\"  href=\"https:\/\/cerens.com\/iletisim\">\n\t\t\t\t<span class=\"wd-btn-text\" data-elementor-setting-key=\"text\">\n\t\t\t\t\tBizimle \u0130leti\u015fime Ge\u00e7in\t\t\t\t<\/span>\n\n\t\t\t\t\t\t\t<\/a>\n\t\t<\/div>\n\t\t\t\t\t\t<\/div>\n\t\t\t\t<\/div>\n\t\t\t\t<\/div>\n\t\t\t\t<\/div>\n\t\t<div class=\"elementor-element elementor-element-4e8ab517 e-con-full e-flex e-con e-child\" data-id=\"4e8ab517\" data-element_type=\"container\" data-e-type=\"container\">\n\t\t\t\t<div class=\"elementor-element elementor-element-7b2ef99 elementor-widget elementor-widget-image\" data-id=\"7b2ef99\" data-element_type=\"widget\" data-e-type=\"widget\" data-widget_type=\"image.default\">\n\t\t\t\t<div class=\"elementor-widget-container\">\n\t\t\t\t\t\t\t\t\t\t\t\t\t\t\t<img loading=\"lazy\" decoding=\"async\" width=\"1200\" height=\"800\" src=\"https:\/\/cerens.com\/wp-content\/uploads\/2025\/09\/404-banner.png\" class=\"attachment-large size-large wp-image-32264\" alt=\"\" srcset=\"https:\/\/cerens.com\/wp-content\/uploads\/2025\/09\/404-banner.png 1536w, https:\/\/cerens.com\/wp-content\/uploads\/2025\/09\/404-banner-400x267.png 400w\" sizes=\"auto, (max-width: 1200px) 100vw, 1200px\" \/>\t\t\t\t\t\t\t\t\t\t\t\t\t\t\t<\/div>\n\t\t\t\t<\/div>\n\t\t\t\t<\/div>\n\t\t\t\t\t<\/div>\n\t\t\t\t<\/div>\n\t\t\t\t<\/div>","protected":false},"excerpt":{"rendered":"<p>\u00dczg\u00fcn\u00fcz! Arad\u0131\u011f\u0131n\u0131z sayfay\u0131 veya \u00fcr\u00fcn\u00fc bulamad\u0131k.. \u00dcr\u00fcnlerimiz, sayfalar\u0131m\u0131z veya i\u00e7eriklerimiz, dinamik olarak de\u011fi\u015fiklik g\u00f6sterebilir. Dilerseniz a\u015fa\u011f\u0131daki arama kutucu\u011fundan yeni bir<\/p>","protected":false},"author":1,"featured_media":0,"parent":0,"menu_order":0,"comment_status":"closed","ping_status":"closed","template":"","meta":{"_acf_changed":false,"footnotes":""},"class_list":["post-32266","page","type-page","status-publish","hentry"],"acf":[],"_links":{"self":[{"href":"https:\/\/cerens.com\/en\/wp-json\/wp\/v2\/pages\/32266","targetHints":{"allow":["GET"]}}],"collection":[{"href":"https:\/\/cerens.com\/en\/wp-json\/wp\/v2\/pages"}],"about":[{"href":"https:\/\/cerens.com\/en\/wp-json\/wp\/v2\/types\/page"}],"author":[{"embeddable":true,"href":"https:\/\/cerens.com\/en\/wp-json\/wp\/v2\/users\/1"}],"replies":[{"embeddable":true,"href":"https:\/\/cerens.com\/en\/wp-json\/wp\/v2\/comments?post=32266"}],"version-history":[{"count":0,"href":"https:\/\/cerens.com\/en\/wp-json\/wp\/v2\/pages\/32266\/revisions"}],"wp:attachment":[{"href":"https:\/\/cerens.com\/en\/wp-json\/wp\/v2\/media?parent=32266"}],"curies":[{"name":"wp","href":"https:\/\/api.w.org\/{rel}","templated":true}]}}